{"id":2936,"date":"2024-05-01T15:21:06","date_gmt":"2024-05-01T19:21:06","guid":{"rendered":"https:\/\/clotureseques.com\/wp\/?post_type=product&#038;p=2936"},"modified":"2024-09-18T10:30:12","modified_gmt":"2024-09-18T14:30:12","slug":"galvanise-soude-1-x-1-x-48-x-14-ga","status":"publish","type":"product","link":"https:\/\/www.clotureseques.com\/en\/produit\/galvanise-soude-1-x-1-x-48-x-14-ga\/","title":{"rendered":"Galvanis\u00e9 soud\u00e9 1&#8243; x 1&#8243; x 48&#8243; x 14 ga"},"content":{"rendered":"<p>Grillage galvanis\u00e9 soud\u00e9 1&#8243; x 1&#8243; x 48&#8243; haut. Rouleau de 100&#8242;<\/p>\n<p>Grillage r\u00e9glementaire pour piscine<\/p>\n","protected":false},"excerpt":{"rendered":"<p>Rouleau de 100&#8242;<\/p>\n","protected":false},"featured_media":2937,"comment_status":"open","ping_status":"closed","template":"","meta":{"_acf_changed":false},"product_cat":[21,20],"product_tag":[],"class_list":{"0":"post-2936","1":"product","2":"type-product","3":"status-publish","4":"has-post-thumbnail","6":"product_cat-clotures-pour-gibier","7":"product_cat-cloture-galvanise","9":"first","10":"instock","11":"taxable","12":"shipping-taxable","13":"purchasable","14":"product-type-simple"},"acf":[],"_links":{"self":[{"href":"https:\/\/www.clotureseques.com\/en\/wp-json\/wp\/v2\/product\/2936","targetHints":{"allow":["GET"]}}],"collection":[{"href":"https:\/\/www.clotureseques.com\/en\/wp-json\/wp\/v2\/product"}],"about":[{"href":"https:\/\/www.clotureseques.com\/en\/wp-json\/wp\/v2\/types\/product"}],"replies":[{"embeddable":true,"href":"https:\/\/www.clotureseques.com\/en\/wp-json\/wp\/v2\/comments?post=2936"}],"wp:featuredmedia":[{"embeddable":true,"href":"https:\/\/www.clotureseques.com\/en\/wp-json\/wp\/v2\/media\/2937"}],"wp:attachment":[{"href":"https:\/\/www.clotureseques.com\/en\/wp-json\/wp\/v2\/media?parent=2936"}],"wp:term":[{"taxonomy":"product_cat","embeddable":true,"href":"https:\/\/www.clotureseques.com\/en\/wp-json\/wp\/v2\/product_cat?post=2936"},{"taxonomy":"product_tag","embeddable":true,"href":"https:\/\/www.clotureseques.com\/en\/wp-json\/wp\/v2\/product_tag?post=2936"}],"curies":[{"name":"wp","href":"https:\/\/api.w.org\/{rel}","templated":true}]}}