{"id":3149,"date":"2024-05-02T15:24:41","date_gmt":"2024-05-02T19:24:41","guid":{"rendered":"https:\/\/clotureseques.com\/wp\/?post_type=product&#038;p=3149"},"modified":"2026-04-29T10:42:38","modified_gmt":"2026-04-29T14:42:38","slug":"rouleau-de-cloture-flex","status":"publish","type":"product","link":"https:\/\/www.clotureseques.com\/en\/produit\/rouleau-de-cloture-flex\/","title":{"rendered":"Rouleau de cl\u00f4ture Flex 5.25&#8243;"},"content":{"rendered":"<p>Rouleau de cl\u00f4ture Flex 660&#8242;\u00a0 &#8211;\u00a0 Jusqu&#8217;\u00e0 4 200 lbs par rail<\/p>\n<p>Mat\u00e9riaux : 3 fils \u00e0 haute tension \u00e0 double rev\u00eatement de calibre 12,5<\/p>\n<p>Compatible avec poteaux en bois<\/p>\n<p>&nbsp;<\/p>\n","protected":false},"excerpt":{"rendered":"<p>Blanc seulement<\/p>\n","protected":false},"featured_media":3051,"comment_status":"open","ping_status":"closed","template":"","meta":{"_acf_changed":false},"product_cat":[66],"product_tag":[],"class_list":{"0":"post-3149","1":"product","2":"type-product","3":"status-publish","4":"has-post-thumbnail","6":"product_cat-cloture-flex","8":"first","9":"instock","10":"taxable","11":"shipping-taxable","12":"purchasable","13":"product-type-simple"},"acf":[],"_links":{"self":[{"href":"https:\/\/www.clotureseques.com\/en\/wp-json\/wp\/v2\/product\/3149","targetHints":{"allow":["GET"]}}],"collection":[{"href":"https:\/\/www.clotureseques.com\/en\/wp-json\/wp\/v2\/product"}],"about":[{"href":"https:\/\/www.clotureseques.com\/en\/wp-json\/wp\/v2\/types\/product"}],"replies":[{"embeddable":true,"href":"https:\/\/www.clotureseques.com\/en\/wp-json\/wp\/v2\/comments?post=3149"}],"wp:featuredmedia":[{"embeddable":true,"href":"https:\/\/www.clotureseques.com\/en\/wp-json\/wp\/v2\/media\/3051"}],"wp:attachment":[{"href":"https:\/\/www.clotureseques.com\/en\/wp-json\/wp\/v2\/media?parent=3149"}],"wp:term":[{"taxonomy":"product_cat","embeddable":true,"href":"https:\/\/www.clotureseques.com\/en\/wp-json\/wp\/v2\/product_cat?post=3149"},{"taxonomy":"product_tag","embeddable":true,"href":"https:\/\/www.clotureseques.com\/en\/wp-json\/wp\/v2\/product_tag?post=3149"}],"curies":[{"name":"wp","href":"https:\/\/api.w.org\/{rel}","templated":true}]}}