{"id":3721,"date":"2024-06-06T14:23:00","date_gmt":"2024-06-06T18:23:00","guid":{"rendered":"https:\/\/www.clotureseques.com\/?post_type=product&#038;p=3721"},"modified":"2026-04-29T10:28:20","modified_gmt":"2026-04-29T14:28:20","slug":"enclos-a-chien-galvanise","status":"publish","type":"product","link":"https:\/\/www.clotureseques.com\/en\/produit\/enclos-a-chien-galvanise\/","title":{"rendered":"Enclos \u00e0 Chien galvanis\u00e9"},"content":{"rendered":"<p>Enclos \u00e0 chien 5&#8242; x 10&#8242; x 6&#8242; haut<\/p>\n","protected":false},"excerpt":{"rendered":"<p>Enclos \u00e0 chien 5&#8242; x 10&#8242; x 6&#8242; haut<\/p>\n","protected":false},"featured_media":3722,"comment_status":"open","ping_status":"closed","template":"","meta":{"_acf_changed":false},"product_cat":[15],"product_tag":[],"class_list":{"0":"post-3721","1":"product","2":"type-product","3":"status-publish","4":"has-post-thumbnail","6":"product_cat-autres","8":"first","9":"instock","10":"taxable","11":"shipping-taxable","12":"purchasable","13":"product-type-simple"},"acf":[],"_links":{"self":[{"href":"https:\/\/www.clotureseques.com\/en\/wp-json\/wp\/v2\/product\/3721","targetHints":{"allow":["GET"]}}],"collection":[{"href":"https:\/\/www.clotureseques.com\/en\/wp-json\/wp\/v2\/product"}],"about":[{"href":"https:\/\/www.clotureseques.com\/en\/wp-json\/wp\/v2\/types\/product"}],"replies":[{"embeddable":true,"href":"https:\/\/www.clotureseques.com\/en\/wp-json\/wp\/v2\/comments?post=3721"}],"wp:featuredmedia":[{"embeddable":true,"href":"https:\/\/www.clotureseques.com\/en\/wp-json\/wp\/v2\/media\/3722"}],"wp:attachment":[{"href":"https:\/\/www.clotureseques.com\/en\/wp-json\/wp\/v2\/media?parent=3721"}],"wp:term":[{"taxonomy":"product_cat","embeddable":true,"href":"https:\/\/www.clotureseques.com\/en\/wp-json\/wp\/v2\/product_cat?post=3721"},{"taxonomy":"product_tag","embeddable":true,"href":"https:\/\/www.clotureseques.com\/en\/wp-json\/wp\/v2\/product_tag?post=3721"}],"curies":[{"name":"wp","href":"https:\/\/api.w.org\/{rel}","templated":true}]}}