{"id":4314,"date":"2026-05-06T13:48:14","date_gmt":"2026-05-06T17:48:14","guid":{"rendered":"https:\/\/www.clotureseques.com\/?post_type=product&#038;p=4314"},"modified":"2026-05-06T13:48:15","modified_gmt":"2026-05-06T17:48:15","slug":"flex-fence-splice-buckle-5","status":"publish","type":"product","link":"https:\/\/www.clotureseques.com\/en\/produit\/flex-fence-splice-buckle-5\/","title":{"rendered":"Flex Fence Splice Buckle 5&#8243;"},"content":{"rendered":"<p>Relie facilement les deux extr\u00e9mit\u00e9s du rail Flex sans ab\u00eemer les fils<\/p>\n","protected":false},"excerpt":{"rendered":"<p>Blanc<\/p>\n","protected":false},"featured_media":4315,"comment_status":"open","ping_status":"closed","template":"","meta":{"_acf_changed":false},"product_cat":[66],"product_tag":[],"class_list":{"0":"post-4314","1":"product","2":"type-product","3":"status-publish","4":"has-post-thumbnail","6":"product_cat-cloture-flex","8":"first","9":"instock","10":"taxable","11":"shipping-taxable","12":"purchasable","13":"product-type-simple"},"acf":[],"_links":{"self":[{"href":"https:\/\/www.clotureseques.com\/en\/wp-json\/wp\/v2\/product\/4314","targetHints":{"allow":["GET"]}}],"collection":[{"href":"https:\/\/www.clotureseques.com\/en\/wp-json\/wp\/v2\/product"}],"about":[{"href":"https:\/\/www.clotureseques.com\/en\/wp-json\/wp\/v2\/types\/product"}],"replies":[{"embeddable":true,"href":"https:\/\/www.clotureseques.com\/en\/wp-json\/wp\/v2\/comments?post=4314"}],"wp:featuredmedia":[{"embeddable":true,"href":"https:\/\/www.clotureseques.com\/en\/wp-json\/wp\/v2\/media\/4315"}],"wp:attachment":[{"href":"https:\/\/www.clotureseques.com\/en\/wp-json\/wp\/v2\/media?parent=4314"}],"wp:term":[{"taxonomy":"product_cat","embeddable":true,"href":"https:\/\/www.clotureseques.com\/en\/wp-json\/wp\/v2\/product_cat?post=4314"},{"taxonomy":"product_tag","embeddable":true,"href":"https:\/\/www.clotureseques.com\/en\/wp-json\/wp\/v2\/product_tag?post=4314"}],"curies":[{"name":"wp","href":"https:\/\/api.w.org\/{rel}","templated":true}]}}